{"id":720,"date":"2020-12-13T23:56:48","date_gmt":"2020-12-13T23:56:48","guid":{"rendered":"https:\/\/vqqm.ca\/?page_id=720"},"modified":"2020-12-14T00:03:45","modified_gmt":"2020-12-14T00:03:45","slug":"don-annule","status":"publish","type":"page","link":"https:\/\/vqqm.ca\/en\/don-annule\/","title":{"rendered":"Don annul\u00e9"},"content":{"rendered":"<div data-elementor-type=\"wp-page\" data-elementor-id=\"720\" class=\"elementor elementor-720\" data-elementor-post-type=\"page\">\n\t\t\t\t\t\t<section class=\"elementor-section elementor-top-section elementor-element elementor-element-212c803 elementor-section-boxed elementor-section-height-default elementor-section-height-default\" data-id=\"212c803\" data-element_type=\"section\">\n\t\t\t\t\t\t<div class=\"elementor-container elementor-column-gap-default\">\n\t\t\t\t\t<div class=\"elementor-column elementor-col-100 elementor-top-column elementor-element elementor-element-2e14a24\" data-id=\"2e14a24\" data-element_type=\"column\">\n\t\t\t<div class=\"elementor-widget-wrap\">\n\t\t\t\t\t\t\t<\/div>\n\t\t<\/div>\n\t\t\t\t\t<\/div>\n\t\t<\/section>\n\t\t\t\t<section class=\"elementor-section elementor-top-section elementor-element elementor-element-8e7bb88 elementor-section-boxed elementor-section-height-default elementor-section-height-default\" data-id=\"8e7bb88\" data-element_type=\"section\" data-settings=\"{&quot;background_background&quot;:&quot;classic&quot;}\">\n\t\t\t\t\t\t<div class=\"elementor-container elementor-column-gap-default\">\n\t\t\t\t\t<div class=\"elementor-column elementor-col-100 elementor-top-column elementor-element elementor-element-37ddd027\" data-id=\"37ddd027\" data-element_type=\"column\">\n\t\t\t<div class=\"elementor-widget-wrap elementor-element-populated\">\n\t\t\t\t\t\t<div class=\"elementor-element elementor-element-16769c9 elementor-widget elementor-widget-theme-post-title elementor-page-title elementor-widget-heading\" data-id=\"16769c9\" data-element_type=\"widget\" data-widget_type=\"theme-post-title.default\">\n\t\t\t\t<div class=\"elementor-widget-container\">\n\t\t\t\t\t<h1 class=\"elementor-heading-title elementor-size-default\">Don annul\u00e9<\/h1>\t\t\t\t<\/div>\n\t\t\t\t<\/div>\n\t\t\t\t\t<\/div>\n\t\t<\/div>\n\t\t\t\t\t<\/div>\n\t\t<\/section>\n\t\t\t\t<section class=\"elementor-section elementor-top-section elementor-element elementor-element-fbeb418 elementor-section-boxed elementor-section-height-default elementor-section-height-default\" data-id=\"fbeb418\" data-element_type=\"section\">\n\t\t\t\t\t\t<div class=\"elementor-container elementor-column-gap-default\">\n\t\t\t\t\t<div class=\"elementor-column elementor-col-100 elementor-top-column elementor-element elementor-element-f0db2c4\" data-id=\"f0db2c4\" data-element_type=\"column\" data-settings=\"{&quot;background_background&quot;:&quot;classic&quot;}\">\n\t\t\t<div class=\"elementor-widget-wrap elementor-element-populated\">\n\t\t\t\t\t\t<div class=\"elementor-element elementor-element-3b47997a elementor-widget elementor-widget-text-editor\" data-id=\"3b47997a\" data-element_type=\"widget\" data-widget_type=\"text-editor.default\">\n\t\t\t\t<div class=\"elementor-widget-container\">\n\t\t\t\t\t\t\t\t\t<p>Vous pouvez essayer de nouveau plus tard<\/p><p class=\"p1\">Restez connect\u00e9 avec nous pour connaitre de nouvelles musiques qu\u00e9b\u00e9coises pour quatuor \u00e0 cordes<\/p>\t\t\t\t\t\t\t\t<\/div>\n\t\t\t\t<\/div>\n\t\t\t\t\t<\/div>\n\t\t<\/div>\n\t\t\t\t\t<\/div>\n\t\t<\/section>\n\t\t\t\t<section class=\"elementor-section elementor-top-section elementor-element elementor-element-261bc692 elementor-section-boxed elementor-section-height-default elementor-section-height-default\" data-id=\"261bc692\" data-element_type=\"section\">\n\t\t\t\t\t\t<div class=\"elementor-container elementor-column-gap-default\">\n\t\t\t\t\t<div class=\"elementor-column elementor-col-100 elementor-top-column elementor-element elementor-element-908c561\" data-id=\"908c561\" data-element_type=\"column\">\n\t\t\t<div class=\"elementor-widget-wrap elementor-element-populated\">\n\t\t\t\t\t\t<div class=\"elementor-element elementor-element-4a296a75 e-grid-align-tablet-center e-grid-align-mobile-center elementor-shape-square elementor-grid-0 e-grid-align-center elementor-invisible elementor-widget elementor-widget-social-icons\" data-id=\"4a296a75\" data-element_type=\"widget\" data-settings=\"{&quot;_animation&quot;:&quot;slideInUp&quot;,&quot;_animation_delay&quot;:0}\" data-widget_type=\"social-icons.default\">\n\t\t\t\t<div class=\"elementor-widget-container\">\n\t\t\t\t\t\t\t<div class=\"elementor-social-icons-wrapper elementor-grid\" role=\"list\">\n\t\t\t\t\t\t\t<span class=\"elementor-grid-item\" role=\"listitem\">\n\t\t\t\t\t<a class=\"elementor-icon elementor-social-icon elementor-social-icon-facebook-f elementor-animation-grow elementor-repeater-item-ba21759\" href=\"https:\/\/www.facebook.com\/quatuormolinari\/\" target=\"_blank\">\n\t\t\t\t\t\t<span class=\"elementor-screen-only\">https:\/\/www.facebook.com\/quatuormolinari\/<\/span>\n\t\t\t\t\t\t<i aria-hidden=\"true\" class=\"fab fa-facebook-f\"><\/i>\t\t\t\t\t<\/a>\n\t\t\t\t<\/span>\n\t\t\t\t\t\t\t<span class=\"elementor-grid-item\" role=\"listitem\">\n\t\t\t\t\t<a class=\"elementor-icon elementor-social-icon elementor-social-icon-twitter elementor-animation-grow elementor-repeater-item-c105a94\" href=\"https:\/\/twitter.com\/QuatuorMolinari\" target=\"_blank\">\n\t\t\t\t\t\t<span class=\"elementor-screen-only\">Twitter<\/span>\n\t\t\t\t\t\t<i aria-hidden=\"true\" class=\"fab fa-twitter\"><\/i>\t\t\t\t\t<\/a>\n\t\t\t\t<\/span>\n\t\t\t\t\t\t\t<span class=\"elementor-grid-item\" role=\"listitem\">\n\t\t\t\t\t<a class=\"elementor-icon elementor-social-icon elementor-social-icon-linkedin-in elementor-animation-grow elementor-repeater-item-3b1ec50\" href=\"https:\/\/www.linkedin.com\/in\/olga-ranzenhofer-8a77bb23\/\" target=\"_blank\">\n\t\t\t\t\t\t<span class=\"elementor-screen-only\">https:\/\/www.linkedin.com\/in\/olga-ranzenhofer-8a77bb23\/<\/span>\n\t\t\t\t\t\t<i aria-hidden=\"true\" class=\"fab fa-linkedin-in\"><\/i>\t\t\t\t\t<\/a>\n\t\t\t\t<\/span>\n\t\t\t\t\t\t\t<span class=\"elementor-grid-item\" role=\"listitem\">\n\t\t\t\t\t<a class=\"elementor-icon elementor-social-icon elementor-social-icon-instagram elementor-animation-grow elementor-repeater-item-e31c71c\" href=\"https:\/\/www.instagram.com\/quatuormolinari\/\" target=\"_blank\">\n\t\t\t\t\t\t<span class=\"elementor-screen-only\">https:\/\/www.instagram.com\/quatuormolinari\/<\/span>\n\t\t\t\t\t\t<i aria-hidden=\"true\" class=\"fab fa-instagram\"><\/i>\t\t\t\t\t<\/a>\n\t\t\t\t<\/span>\n\t\t\t\t\t\t\t<span class=\"elementor-grid-item\" role=\"listitem\">\n\t\t\t\t\t<a class=\"elementor-icon elementor-social-icon elementor-social-icon-youtube elementor-animation-grow elementor-repeater-item-dcf7181\" href=\"https:\/\/www.youtube.com\/channel\/UC6RBwLOKsG4mtzjIy3g-lCA\" target=\"_blank\">\n\t\t\t\t\t\t<span class=\"elementor-screen-only\">https:\/\/www.youtube.com\/channel\/UC6RBwLOKsG4mtzjIy3g-lCA<\/span>\n\t\t\t\t\t\t<i aria-hidden=\"true\" class=\"fab fa-youtube\"><\/i>\t\t\t\t\t<\/a>\n\t\t\t\t<\/span>\n\t\t\t\t\t\t\t<span class=\"elementor-grid-item\" role=\"listitem\">\n\t\t\t\t\t<a class=\"elementor-icon elementor-social-icon elementor-social-icon-vimeo-v elementor-animation-grow elementor-repeater-item-0aa4b87\" href=\"https:\/\/vimeo.com\/user32353016\" target=\"_blank\">\n\t\t\t\t\t\t<span class=\"elementor-screen-only\">https:\/\/vimeo.com\/user32353016<\/span>\n\t\t\t\t\t\t<i aria-hidden=\"true\" class=\"fab fa-vimeo-v\"><\/i>\t\t\t\t\t<\/a>\n\t\t\t\t<\/span>\n\t\t\t\t\t\t\t<span class=\"elementor-grid-item\" role=\"listitem\">\n\t\t\t\t\t<a class=\"elementor-icon elementor-social-icon elementor-social-icon-spotify elementor-animation-grow elementor-repeater-item-af51920\" href=\"https:\/\/open.spotify.com\/artist\/5VHFI9N7eN51lqi48wFzwQ\" target=\"_blank\">\n\t\t\t\t\t\t<span class=\"elementor-screen-only\">https:\/\/open.spotify.com\/artist\/5VHFI9N7eN51lqi48wFzwQ<\/span>\n\t\t\t\t\t\t<i aria-hidden=\"true\" class=\"fab fa-spotify\"><\/i>\t\t\t\t\t<\/a>\n\t\t\t\t<\/span>\n\t\t\t\t\t<\/div>\n\t\t\t\t\t\t<\/div>\n\t\t\t\t<\/div>\n\t\t\t\t\t<\/div>\n\t\t<\/div>\n\t\t\t\t\t<\/div>\n\t\t<\/section>\n\t\t\t\t<\/div>","protected":false},"excerpt":{"rendered":"<p>Vous pouvez essayer de nouveau plus tard Restez connect\u00e9 avec nous pour connaitre de nouvelles musiques qu\u00e9b\u00e9coises pour quatuor \u00e0 cordes Facebook-f Twitter Linkedin-in Instagram Youtube Vimeo-v Spotify<\/p>","protected":false},"author":1,"featured_media":0,"parent":0,"menu_order":0,"comment_status":"closed","ping_status":"closed","template":"","meta":{"_acf_changed":false,"site-sidebar-layout":"no-sidebar","site-content-layout":"page-builder","ast-site-content-layout":"","site-content-style":"default","site-sidebar-style":"default","ast-global-header-display":"","ast-banner-title-visibility":"","ast-main-header-display":"","ast-hfb-above-header-display":"","ast-hfb-below-header-display":"","ast-hfb-mobile-header-display":"","site-post-title":"disabled","ast-breadcrumbs-content":"","ast-featured-img":"disabled","footer-sml-layout":"","theme-transparent-header-meta":"default","adv-header-id-meta":"","stick-header-meta":"","header-above-stick-meta":"","header-main-stick-meta":"","header-below-stick-meta":"","astra-migrate-meta-layouts":"default","ast-page-background-enabled":"default","ast-page-background-meta":{"desktop":{"background-color":"var(--ast-global-color-4)","background-image":"","background-repeat":"repeat","background-position":"center center","background-size":"auto","background-attachment":"scroll","background-type":"","background-media":"","overlay-type":"","overlay-color":"","overlay-opacity":"","overlay-gradient":""},"tablet":{"background-color":"","background-image":"","background-repeat":"repeat","background-position":"center center","background-size":"auto","background-attachment":"scroll","background-type":"","background-media":"","overlay-type":"","overlay-color":"","overlay-opacity":"","overlay-gradient":""},"mobile":{"background-color":"","background-image":"","background-repeat":"repeat","background-position":"center center","background-size":"auto","background-attachment":"scroll","background-type":"","background-media":"","overlay-type":"","overlay-color":"","overlay-opacity":"","overlay-gradient":""}},"ast-content-background-meta":{"desktop":{"background-color":"var(--ast-global-color-5)","background-image":"","background-repeat":"repeat","background-position":"center center","background-size":"auto","background-attachment":"scroll","background-type":"","background-media":"","overlay-type":"","overlay-color":"","overlay-opacity":"","overlay-gradient":""},"tablet":{"background-color":"var(--ast-global-color-5)","background-image":"","background-repeat":"repeat","background-position":"center center","background-size":"auto","background-attachment":"scroll","background-type":"","background-media":"","overlay-type":"","overlay-color":"","overlay-opacity":"","overlay-gradient":""},"mobile":{"background-color":"var(--ast-global-color-5)","background-image":"","background-repeat":"repeat","background-position":"center center","background-size":"auto","background-attachment":"scroll","background-type":"","background-media":"","overlay-type":"","overlay-color":"","overlay-opacity":"","overlay-gradient":""}},"footnotes":""},"class_list":["post-720","page","type-page","status-publish","hentry"],"acf":[],"yoast_head":"<!-- This site is optimized with the Yoast SEO plugin v26.8 - https:\/\/yoast.com\/product\/yoast-seo-wordpress\/ -->\n<title>Don annul\u00e9 - Vid\u00e9oth\u00e8que Qu\u00e9b\u00e9coise du Quatuor Molinari | VQQM<\/title>\n<meta name=\"robots\" content=\"index, follow, max-snippet:-1, max-image-preview:large, max-video-preview:-1\" \/>\n<link rel=\"canonical\" href=\"https:\/\/vqqm.ca\/en\/don-annule\/\" \/>\n<meta property=\"og:locale\" content=\"en_US\" \/>\n<meta property=\"og:type\" content=\"article\" \/>\n<meta property=\"og:title\" content=\"Don annul\u00e9 - Vid\u00e9oth\u00e8que Qu\u00e9b\u00e9coise du Quatuor Molinari | VQQM\" \/>\n<meta property=\"og:description\" content=\"Vous pouvez essayer de nouveau plus tard Restez connect\u00e9 avec nous pour connaitre de nouvelles musiques qu\u00e9b\u00e9coises pour quatuor \u00e0 cordes Facebook-f Twitter Linkedin-in Instagram Youtube Vimeo-v Spotify\" \/>\n<meta property=\"og:url\" content=\"https:\/\/vqqm.ca\/en\/don-annule\/\" \/>\n<meta property=\"og:site_name\" content=\"Vid\u00e9oth\u00e8que Qu\u00e9b\u00e9coise du Quatuor Molinari | VQQM\" \/>\n<meta property=\"article:publisher\" content=\"https:\/\/www.facebook.com\/quatuormolinari\/\" \/>\n<meta property=\"article:modified_time\" content=\"2020-12-14T00:03:45+00:00\" \/>\n<meta name=\"twitter:card\" content=\"summary_large_image\" \/>\n<meta name=\"twitter:site\" content=\"@QuatuorMolinari\" \/>\n<script type=\"application\/ld+json\" class=\"yoast-schema-graph\">{\"@context\":\"https:\/\/schema.org\",\"@graph\":[{\"@type\":\"WebPage\",\"@id\":\"https:\/\/vqqm.ca\/en\/don-annule\/\",\"url\":\"https:\/\/vqqm.ca\/en\/don-annule\/\",\"name\":\"Don annul\u00e9 - Vid\u00e9oth\u00e8que Qu\u00e9b\u00e9coise du Quatuor Molinari | VQQM\",\"isPartOf\":{\"@id\":\"https:\/\/vqqm.ca\/#website\"},\"datePublished\":\"2020-12-13T23:56:48+00:00\",\"dateModified\":\"2020-12-14T00:03:45+00:00\",\"breadcrumb\":{\"@id\":\"https:\/\/vqqm.ca\/en\/don-annule\/#breadcrumb\"},\"inLanguage\":\"en-CA\",\"potentialAction\":[{\"@type\":\"ReadAction\",\"target\":[\"https:\/\/vqqm.ca\/en\/don-annule\/\"]}]},{\"@type\":\"BreadcrumbList\",\"@id\":\"https:\/\/vqqm.ca\/en\/don-annule\/#breadcrumb\",\"itemListElement\":[{\"@type\":\"ListItem\",\"position\":1,\"name\":\"Home\",\"item\":\"https:\/\/vqqm.ca\/\"},{\"@type\":\"ListItem\",\"position\":2,\"name\":\"Don annul\u00e9\"}]},{\"@type\":\"WebSite\",\"@id\":\"https:\/\/vqqm.ca\/#website\",\"url\":\"https:\/\/vqqm.ca\/\",\"name\":\"Vid\u00e9oth\u00e8que Qu\u00e9b\u00e9coise du Quatuor Molinari | VQQM\",\"description\":\"Vid\u00e9oth\u00e8que de quatuors qu\u00e9b\u00e9cois jou\u00e9 par le Quatuor Molinari\",\"publisher\":{\"@id\":\"https:\/\/vqqm.ca\/#organization\"},\"potentialAction\":[{\"@type\":\"SearchAction\",\"target\":{\"@type\":\"EntryPoint\",\"urlTemplate\":\"https:\/\/vqqm.ca\/?s={search_term_string}\"},\"query-input\":{\"@type\":\"PropertyValueSpecification\",\"valueRequired\":true,\"valueName\":\"search_term_string\"}}],\"inLanguage\":\"en-CA\"},{\"@type\":\"Organization\",\"@id\":\"https:\/\/vqqm.ca\/#organization\",\"name\":\"VQQM - Vid\u00e9otheque quebecois Quatuor Molinari\",\"url\":\"https:\/\/vqqm.ca\/\",\"logo\":{\"@type\":\"ImageObject\",\"inLanguage\":\"en-CA\",\"@id\":\"https:\/\/vqqm.ca\/#\/schema\/logo\/image\/\",\"url\":\"https:\/\/vqqm.ca\/wp-content\/uploads\/2020\/11\/logo-VQQM-2.png\",\"contentUrl\":\"https:\/\/vqqm.ca\/wp-content\/uploads\/2020\/11\/logo-VQQM-2.png\",\"width\":300,\"height\":300,\"caption\":\"VQQM - Vid\u00e9otheque quebecois Quatuor Molinari\"},\"image\":{\"@id\":\"https:\/\/vqqm.ca\/#\/schema\/logo\/image\/\"},\"sameAs\":[\"https:\/\/www.facebook.com\/quatuormolinari\/\",\"https:\/\/x.com\/QuatuorMolinari\",\"https:\/\/www.instagram.com\/quatuormolinari\/\",\"https:\/\/www.linkedin.com\/in\/olga-ranzenhofer-8a77bb23\/\",\"https:\/\/www.youtube.com\/channel\/UC6RBwLOKsG4mtzjIy3g-lCA\"]}]}<\/script>\n<!-- \/ Yoast SEO plugin. -->","yoast_head_json":{"title":"Don annul\u00e9 - Vid\u00e9oth\u00e8que Qu\u00e9b\u00e9coise du Quatuor Molinari | VQQM","robots":{"index":"index","follow":"follow","max-snippet":"max-snippet:-1","max-image-preview":"max-image-preview:large","max-video-preview":"max-video-preview:-1"},"canonical":"https:\/\/vqqm.ca\/en\/don-annule\/","og_locale":"en_US","og_type":"article","og_title":"Don annul\u00e9 - Vid\u00e9oth\u00e8que Qu\u00e9b\u00e9coise du Quatuor Molinari | VQQM","og_description":"Vous pouvez essayer de nouveau plus tard Restez connect\u00e9 avec nous pour connaitre de nouvelles musiques qu\u00e9b\u00e9coises pour quatuor \u00e0 cordes Facebook-f Twitter Linkedin-in Instagram Youtube Vimeo-v Spotify","og_url":"https:\/\/vqqm.ca\/en\/don-annule\/","og_site_name":"Vid\u00e9oth\u00e8que Qu\u00e9b\u00e9coise du Quatuor Molinari | VQQM","article_publisher":"https:\/\/www.facebook.com\/quatuormolinari\/","article_modified_time":"2020-12-14T00:03:45+00:00","twitter_card":"summary_large_image","twitter_site":"@QuatuorMolinari","schema":{"@context":"https:\/\/schema.org","@graph":[{"@type":"WebPage","@id":"https:\/\/vqqm.ca\/en\/don-annule\/","url":"https:\/\/vqqm.ca\/en\/don-annule\/","name":"Don annul\u00e9 - Vid\u00e9oth\u00e8que Qu\u00e9b\u00e9coise du Quatuor Molinari | VQQM","isPartOf":{"@id":"https:\/\/vqqm.ca\/#website"},"datePublished":"2020-12-13T23:56:48+00:00","dateModified":"2020-12-14T00:03:45+00:00","breadcrumb":{"@id":"https:\/\/vqqm.ca\/en\/don-annule\/#breadcrumb"},"inLanguage":"en-CA","potentialAction":[{"@type":"ReadAction","target":["https:\/\/vqqm.ca\/en\/don-annule\/"]}]},{"@type":"BreadcrumbList","@id":"https:\/\/vqqm.ca\/en\/don-annule\/#breadcrumb","itemListElement":[{"@type":"ListItem","position":1,"name":"Home","item":"https:\/\/vqqm.ca\/"},{"@type":"ListItem","position":2,"name":"Don annul\u00e9"}]},{"@type":"WebSite","@id":"https:\/\/vqqm.ca\/#website","url":"https:\/\/vqqm.ca\/","name":"Vid\u00e9oth\u00e8que Qu\u00e9b\u00e9coise du Quatuor Molinari | VQQM","description":"Vid\u00e9oth\u00e8que de quatuors qu\u00e9b\u00e9cois jou\u00e9 par le Quatuor Molinari","publisher":{"@id":"https:\/\/vqqm.ca\/#organization"},"potentialAction":[{"@type":"SearchAction","target":{"@type":"EntryPoint","urlTemplate":"https:\/\/vqqm.ca\/?s={search_term_string}"},"query-input":{"@type":"PropertyValueSpecification","valueRequired":true,"valueName":"search_term_string"}}],"inLanguage":"en-CA"},{"@type":"Organization","@id":"https:\/\/vqqm.ca\/#organization","name":"VQQM - Vid\u00e9otheque quebecois Quatuor Molinari","url":"https:\/\/vqqm.ca\/","logo":{"@type":"ImageObject","inLanguage":"en-CA","@id":"https:\/\/vqqm.ca\/#\/schema\/logo\/image\/","url":"https:\/\/vqqm.ca\/wp-content\/uploads\/2020\/11\/logo-VQQM-2.png","contentUrl":"https:\/\/vqqm.ca\/wp-content\/uploads\/2020\/11\/logo-VQQM-2.png","width":300,"height":300,"caption":"VQQM - Vid\u00e9otheque quebecois Quatuor Molinari"},"image":{"@id":"https:\/\/vqqm.ca\/#\/schema\/logo\/image\/"},"sameAs":["https:\/\/www.facebook.com\/quatuormolinari\/","https:\/\/x.com\/QuatuorMolinari","https:\/\/www.instagram.com\/quatuormolinari\/","https:\/\/www.linkedin.com\/in\/olga-ranzenhofer-8a77bb23\/","https:\/\/www.youtube.com\/channel\/UC6RBwLOKsG4mtzjIy3g-lCA"]}]}},"_links":{"self":[{"href":"https:\/\/vqqm.ca\/en\/wp-json\/wp\/v2\/pages\/720","targetHints":{"allow":["GET"]}}],"collection":[{"href":"https:\/\/vqqm.ca\/en\/wp-json\/wp\/v2\/pages"}],"about":[{"href":"https:\/\/vqqm.ca\/en\/wp-json\/wp\/v2\/types\/page"}],"author":[{"embeddable":true,"href":"https:\/\/vqqm.ca\/en\/wp-json\/wp\/v2\/users\/1"}],"replies":[{"embeddable":true,"href":"https:\/\/vqqm.ca\/en\/wp-json\/wp\/v2\/comments?post=720"}],"version-history":[{"count":7,"href":"https:\/\/vqqm.ca\/en\/wp-json\/wp\/v2\/pages\/720\/revisions"}],"predecessor-version":[{"id":730,"href":"https:\/\/vqqm.ca\/en\/wp-json\/wp\/v2\/pages\/720\/revisions\/730"}],"wp:attachment":[{"href":"https:\/\/vqqm.ca\/en\/wp-json\/wp\/v2\/media?parent=720"}],"curies":[{"name":"wp","href":"https:\/\/api.w.org\/{rel}","templated":true}]}}